{"id":127,"date":"2025-09-27T09:28:54","date_gmt":"2025-09-27T09:28:54","guid":{"rendered":"https:\/\/magyarkonyvelohaz.nl\/?page_id=127"},"modified":"2025-09-27T09:31:47","modified_gmt":"2025-09-27T09:31:47","slug":"app","status":"publish","type":"page","link":"https:\/\/magyarkonyvelohaz.nl\/en\/app\/","title":{"rendered":"Application"},"content":{"rendered":"\n<p class=\"has-medium-font-size\"><strong>IOS<\/strong><\/p>\n\n\n\n<p><a href=\"https:\/\/apps.apple.com\/us\/app\/magyar-k%C3%B6nyvel%C5%91h%C3%A1z\/id6480318880\">https:\/\/apps.apple.com\/us\/app\/magyar-k\u00f6nyvel\u0151h\u00e1z\/id6480318880<\/a><\/p>\n\n\n\n<p class=\"has-medium-font-size\"><strong>Android<\/strong><\/p>\n\n\n\n<p><a href=\"https:\/\/play.google.com\/store\/apps\/details?id=nl.mkh.app\">https:\/\/play.google.com\/store\/apps\/details?id=nl.mkh.app<\/a><\/p>\n","protected":false},"excerpt":{"rendered":"<p>IOS https:\/\/apps.apple.com\/us\/app\/magyar-k\u00f6nyvel\u0151h\u00e1z\/id6480318880 Android https:\/\/play.google.com\/store\/apps\/details?id=nl.mkh.app<\/p>\n","protected":false},"author":1,"featured_media":0,"parent":0,"menu_order":0,"comment_status":"closed","ping_status":"closed","template":"","meta":{"_eb_attr":"","_monsterinsights_skip_tracking":false,"_monsterinsights_sitenote_active":false,"_monsterinsights_sitenote_note":"","_monsterinsights_sitenote_category":0,"site-sidebar-layout":"default","site-content-layout":"","ast-site-content-layout":"default","site-content-style":"default","site-sidebar-style":"default","ast-global-header-display":"","ast-banner-title-visibility":"","ast-main-header-display":"","ast-hfb-above-header-display":"","ast-hfb-below-header-display":"","ast-hfb-mobile-header-display":"","site-post-title":"","ast-breadcrumbs-content":"","ast-featured-img":"","footer-sml-layout":"","ast-disable-related-posts":"","theme-transparent-header-meta":"","adv-header-id-meta":"","stick-header-meta":"","header-above-stick-meta":"","header-main-stick-meta":"","header-below-stick-meta":"","astra-migrate-meta-layouts":"default","ast-page-background-enabled":"default","ast-page-background-meta":{"desktop":{"background-color":"var(--ast-global-color-5)","background-image":"","background-repeat":"repeat","background-position":"center center","background-size":"auto","background-attachment":"scroll","background-type":"","background-media":"","overlay-type":"","overlay-color":"","overlay-opacity":"","overlay-gradient":""},"tablet":{"background-color":"","background-image":"","background-repeat":"repeat","background-position":"center center","background-size":"auto","background-attachment":"scroll","background-type":"","background-media":"","overlay-type":"","overlay-color":"","overlay-opacity":"","overlay-gradient":""},"mobile":{"background-color":"","background-image":"","background-repeat":"repeat","background-position":"center center","background-size":"auto","background-attachment":"scroll","background-type":"","background-media":"","overlay-type":"","overlay-color":"","overlay-opacity":"","overlay-gradient":""}},"ast-content-background-meta":{"desktop":{"background-color":"var(--ast-global-color-4)","background-image":"","background-repeat":"repeat","background-position":"center center","background-size":"auto","background-attachment":"scroll","background-type":"","background-media":"","overlay-type":"","overlay-color":"","overlay-opacity":"","overlay-gradient":""},"tablet":{"background-color":"var(--ast-global-color-4)","background-image":"","background-repeat":"repeat","background-position":"center center","background-size":"auto","background-attachment":"scroll","background-type":"","background-media":"","overlay-type":"","overlay-color":"","overlay-opacity":"","overlay-gradient":""},"mobile":{"background-color":"var(--ast-global-color-4)","background-image":"","background-repeat":"repeat","background-position":"center center","background-size":"auto","background-attachment":"scroll","background-type":"","background-media":"","overlay-type":"","overlay-color":"","overlay-opacity":"","overlay-gradient":""}},"footnotes":""},"class_list":["post-127","page","type-page","status-publish","hentry"],"aioseo_notices":[],"_links":{"self":[{"href":"https:\/\/magyarkonyvelohaz.nl\/en\/wp-json\/wp\/v2\/pages\/127","targetHints":{"allow":["GET"]}}],"collection":[{"href":"https:\/\/magyarkonyvelohaz.nl\/en\/wp-json\/wp\/v2\/pages"}],"about":[{"href":"https:\/\/magyarkonyvelohaz.nl\/en\/wp-json\/wp\/v2\/types\/page"}],"author":[{"embeddable":true,"href":"https:\/\/magyarkonyvelohaz.nl\/en\/wp-json\/wp\/v2\/users\/1"}],"replies":[{"embeddable":true,"href":"https:\/\/magyarkonyvelohaz.nl\/en\/wp-json\/wp\/v2\/comments?post=127"}],"version-history":[{"count":2,"href":"https:\/\/magyarkonyvelohaz.nl\/en\/wp-json\/wp\/v2\/pages\/127\/revisions"}],"predecessor-version":[{"id":129,"href":"https:\/\/magyarkonyvelohaz.nl\/en\/wp-json\/wp\/v2\/pages\/127\/revisions\/129"}],"wp:attachment":[{"href":"https:\/\/magyarkonyvelohaz.nl\/en\/wp-json\/wp\/v2\/media?parent=127"}],"curies":[{"name":"wp","href":"https:\/\/api.w.org\/{rel}","templated":true}]}}