{"id":1104,"date":"2025-09-20T16:05:25","date_gmt":"2025-09-20T16:05:25","guid":{"rendered":"https:\/\/magyarkonyvelohaz.nl\/?page_id=1104"},"modified":"2025-12-01T22:14:33","modified_gmt":"2025-12-01T22:14:33","slug":"contact","status":"publish","type":"page","link":"https:\/\/magyarkonyvelohaz.nl\/en\/contact\/","title":{"rendered":"Contact"},"content":{"rendered":"\n<div style=\"height:100px\" aria-hidden=\"true\" class=\"wp-block-spacer\"><\/div>\n\n\n\n<div class=\"wp-block-group is-content-justification-center is-layout-flex wp-container-core-group-is-layout-a8d05b78 wp-block-group-is-layout-flex\" style=\"min-height:500px;padding-top:var(--wp--preset--spacing--50);padding-right:var(--wp--preset--spacing--50);padding-bottom:var(--wp--preset--spacing--50);padding-left:var(--wp--preset--spacing--50)\">\n<div class=\"wp-block-group is-layout-constrained wp-container-core-group-is-layout-11c1ca01 wp-block-group-is-layout-constrained\" style=\"padding-right:var(--wp--preset--spacing--50);padding-left:var(--wp--preset--spacing--50)\">\n<h2 class=\"wp-block-heading has-text-color\" style=\"color:#000000\"><strong>Get in touch with us<\/strong><\/h2>\n\n\n<div class=\"forminator-ui forminator-custom-form forminator-custom-form-1103 forminator-design--material  forminator_ajax\" data-forminator-render=\"0\" data-form=\"forminator-module-1103\" data-uid=\"69e1e8b479f4b\"><br\/><\/div><form\n\t\t\t\tid=\"forminator-module-1103\"\n\t\t\t\tclass=\"forminator-ui forminator-custom-form forminator-custom-form-1103 forminator-design--material  forminator_ajax\"\n\t\t\t\tmethod=\"post\"\n\t\t\t\tdata-forminator-render=\"0\"\n\t\t\t\tdata-form-id=\"1103\"\n\t\t\t\t data-color-option=\"theme\" data-design=\"material\" data-grid=\"open\" style=\"display: none;\"\n\t\t\t\tdata-uid=\"69e1e8b479f4b\"\n\t\t\t><div role=\"alert\" aria-live=\"polite\" class=\"forminator-response-message forminator-error\" aria-hidden=\"true\"><\/div><div class=\"forminator-row\"><div id=\"name-1\" class=\"forminator-field-name forminator-col forminator-col-12 \"><div class=\"forminator-field\"><label for=\"forminator-field-name-1_69e1e8b479f4b\" id=\"forminator-field-name-1_69e1e8b479f4b-label\" class=\"forminator-label\">Name <span class=\"forminator-required\">*<\/span><\/label><input type=\"text\" name=\"name-1\" value=\"\" placeholder=\"\" id=\"forminator-field-name-1_69e1e8b479f4b\" class=\"forminator-input forminator-name--field\" aria-required=\"true\" autocomplete=\"name\" \/><\/div><\/div><\/div><div class=\"forminator-row\"><div id=\"email-1\" class=\"forminator-field-email forminator-col forminator-col-12 \"><div class=\"forminator-field\"><label for=\"forminator-field-email-1_69e1e8b479f4b\" id=\"forminator-field-email-1_69e1e8b479f4b-label\" class=\"forminator-label\">Email <span class=\"forminator-required\">*<\/span><\/label><input type=\"email\" name=\"email-1\" value=\"\" placeholder=\"\" id=\"forminator-field-email-1_69e1e8b479f4b\" class=\"forminator-input forminator-email--field\" data-required=\"true\" aria-required=\"true\" autocomplete=\"email\" \/><\/div><\/div><\/div><div class=\"forminator-row\"><div id=\"textarea-1\" class=\"forminator-field-textarea forminator-col forminator-col-12 \"><div class=\"forminator-field\"><label for=\"forminator-field-textarea-1_69e1e8b479f4b\" id=\"forminator-field-textarea-1_69e1e8b479f4b-label\" class=\"forminator-label\">Message<\/label><span id=\"forminator-field-textarea-1_69e1e8b479f4b-description\" class=\"forminator-description\"><span data-limit=\"220\" data-type=\"characters\" data-editor=\"\">0 \/ 220<\/span><\/span><textarea name=\"textarea-1\" placeholder=\"\" id=\"forminator-field-textarea-1_69e1e8b479f4b\" class=\"forminator-textarea\" rows=\"6\" style=\"min-height:140px;\" maxlength=\"220\" ><\/textarea><\/div><\/div><\/div><div class=\"forminator-row\"><div id=\"consent-1\" class=\"forminator-field-consent forminator-col forminator-col-12 \"><div class=\"forminator-field\"><label for=\"forminator-field-consent-1_69e1e8b479f4b\" id=\"forminator-field-consent-1_69e1e8b479f4b-label\" class=\"forminator-label\">GDPR <span class=\"forminator-required\">*<\/span><\/label><div class=\"forminator-checkbox__wrapper\"><label id=\"forminator-field-consent-1_69e1e8b479f4b__label\" class=\"forminator-checkbox forminator-consent\"><input type=\"checkbox\" name=\"consent-1\" id=\"forminator-field-consent-1_69e1e8b479f4b\" value=\"checked\" aria-labelledby=\"forminator-field-consent-1_69e1e8b479f4b-label\" aria-describedby=\"forminator-field-consent-1_69e1e8b479f4b__description\" data-required=\"true\" aria-required=\"true\" \/><span class=\"forminator-checkbox-box\" aria-hidden=\"true\"><\/span><\/label><div id=\"forminator-field-consent-1_69e1e8b479f4b__description\" class=\"forminator-checkbox__label forminator-consent__label\"><p>I agree to the site processing my data. You can read more details <a href=\"https:\/\/magyarkonyvelohaz.nl\/privacy-policy\/\">here<\/a>.<\/p><\/div><\/div><\/div><\/div><\/div><div class=\"forminator-row\"><div id=\"captcha-1\" class=\"forminator-field-captcha forminator-col forminator-col-12 \"><div class=\"forminator-captcha-left forminator-hcaptcha\" data-theme=\"light\"  data-sitekey=\"c7fa0bce-2e00-4dc4-b16c-7a466c16bae2\" data-size=\"normal\"><\/div> <\/div><\/div><input type=\"hidden\" name=\"referer_url\" value=\"\" \/><div class=\"forminator-row forminator-row-last\"><div class=\"forminator-col\"><div class=\"forminator-field\"><button class=\"forminator-button forminator-button-submit tfg3fdf-submit\"><span>Submit<\/span><span aria-hidden=\"true\"><\/span><\/button><\/div><\/div><\/div><input type=\"hidden\" id=\"forminator_nonce\" name=\"forminator_nonce\" value=\"aa3364d147\" \/><input type=\"hidden\" name=\"_wp_http_referer\" value=\"\/en\/wp-json\/wp\/v2\/pages\/1104\" \/><input type=\"hidden\" name=\"form_id\" value=\"1103\"><input type=\"hidden\" name=\"page_id\" value=\"1104\"><input type=\"hidden\" name=\"form_type\" value=\"default\"><input type=\"hidden\" name=\"current_url\" value=\"https:\/\/magyarkonyvelohaz.nl\/en\/contact\/\"><input type=\"hidden\" name=\"render_id\" value=\"0\"><input type=\"hidden\" name=\"action\" value=\"forminator_submit_form_custom-forms\"><\/form>\n<\/div>\n\n\n\n<div class=\"wp-block-cover is-light wp-container-content-9cfa9a5a\" style=\"min-height:650px;aspect-ratio:unset;\"><img loading=\"lazy\" decoding=\"async\" width=\"1280\" height=\"1151\" class=\"wp-block-cover__image-background wp-image-573 size-full\" alt=\"\" src=\"https:\/\/magyarkonyvelohaz.nl\/wp-content\/uploads\/2025\/10\/pexels-olly-3768880.jpg\" data-object-fit=\"cover\" srcset=\"https:\/\/magyarkonyvelohaz.nl\/wp-content\/uploads\/2025\/10\/pexels-olly-3768880.jpg 1280w, https:\/\/magyarkonyvelohaz.nl\/wp-content\/uploads\/2025\/10\/pexels-olly-3768880-300x270.jpg 300w, https:\/\/magyarkonyvelohaz.nl\/wp-content\/uploads\/2025\/10\/pexels-olly-3768880-1024x921.jpg 1024w, https:\/\/magyarkonyvelohaz.nl\/wp-content\/uploads\/2025\/10\/pexels-olly-3768880-768x691.jpg 768w\" sizes=\"auto, (max-width: 1280px) 100vw, 1280px\" \/><span aria-hidden=\"true\" class=\"wp-block-cover__background has-background-dim-10 has-background-dim\"><\/span><div class=\"wp-block-cover__inner-container is-layout-flow wp-block-cover-is-layout-flow\">\n<p class=\"has-text-align-center has-large-font-size\"><\/p>\n<\/div><\/div>\n<\/div>\n\n\n\n<hr class=\"wp-block-separator has-text-color has-color-petrol-color has-alpha-channel-opacity has-color-petrol-background-color has-background is-style-wide\"\/>\n\n\n\n<div style=\"height:50px\" aria-hidden=\"true\" class=\"wp-block-spacer\"><\/div>\n\n\n\n<div class=\"wp-block-group is-vertical is-content-justification-center is-layout-flex wp-container-core-group-is-layout-ce155fab wp-block-group-is-layout-flex\">\n<h3 class=\"wp-block-heading\"><strong>Magyar K\u00f6nyvel\u0151h\u00e1z<\/strong><\/h3>\n\n\n\n<p><strong>Administratiehuis Rotterdam B.V.<\/strong> (KvK-number: <strong>89053850<\/strong>)<\/p>\n\n\n\n<p><strong>Telephone:<\/strong> +31 (0) 6 231 678 08<\/p>\n\n\n\n<p><strong>Email:<\/strong> anita@magyarkonyvelohaz.nl<\/p>\n\n\n\n<p><strong>Address:<\/strong> Kleiweg 185A, 3051 XH Rotterdam<\/p>\n<\/div>\n\n\n\n<div style=\"height:64px\" aria-hidden=\"true\" class=\"wp-block-spacer\"><\/div>\n","protected":false},"excerpt":{"rendered":"<p>Get in touch with us Magyar K\u00f6nyvel\u0151h\u00e1z Administratiehuis Rotterdam B.V. (KvK-number: 89053850) Telephone: +31 (0) 6 231 678 08 Email:<\/p>\n","protected":false},"author":1,"featured_media":0,"parent":0,"menu_order":0,"comment_status":"closed","ping_status":"closed","template":"","meta":{"_eb_attr":"","_monsterinsights_skip_tracking":false,"_monsterinsights_sitenote_active":false,"_monsterinsights_sitenote_note":"","_monsterinsights_sitenote_category":0,"site-sidebar-layout":"default","site-content-layout":"","ast-site-content-layout":"default","site-content-style":"default","site-sidebar-style":"default","ast-global-header-display":"","ast-banner-title-visibility":"","ast-main-header-display":"","ast-hfb-above-header-display":"","ast-hfb-below-header-display":"","ast-hfb-mobile-header-display":"","site-post-title":"disabled","ast-breadcrumbs-content":"","ast-featured-img":"","footer-sml-layout":"","ast-disable-related-posts":"","theme-transparent-header-meta":"","adv-header-id-meta":"","stick-header-meta":"","header-above-stick-meta":"","header-main-stick-meta":"","header-below-stick-meta":"","astra-migrate-meta-layouts":"default","ast-page-background-enabled":"default","ast-page-background-meta":{"desktop":{"background-color":"var(--ast-global-color-5)","background-image":"","background-repeat":"repeat","background-position":"center center","background-size":"auto","background-attachment":"scroll","background-type":"","background-media":"","overlay-type":"","overlay-color":"","overlay-opacity":"","overlay-gradient":""},"tablet":{"background-color":"","background-image":"","background-repeat":"repeat","background-position":"center center","background-size":"auto","background-attachment":"scroll","background-type":"","background-media":"","overlay-type":"","overlay-color":"","overlay-opacity":"","overlay-gradient":""},"mobile":{"background-color":"","background-image":"","background-repeat":"repeat","background-position":"center center","background-size":"auto","background-attachment":"scroll","background-type":"","background-media":"","overlay-type":"","overlay-color":"","overlay-opacity":"","overlay-gradient":""}},"ast-content-background-meta":{"desktop":{"background-color":"var(--ast-global-color-4)","background-image":"","background-repeat":"repeat","background-position":"center center","background-size":"auto","background-attachment":"scroll","background-type":"","background-media":"","overlay-type":"","overlay-color":"","overlay-opacity":"","overlay-gradient":""},"tablet":{"background-color":"var(--ast-global-color-4)","background-image":"","background-repeat":"repeat","background-position":"center center","background-size":"auto","background-attachment":"scroll","background-type":"","background-media":"","overlay-type":"","overlay-color":"","overlay-opacity":"","overlay-gradient":""},"mobile":{"background-color":"var(--ast-global-color-4)","background-image":"","background-repeat":"repeat","background-position":"center center","background-size":"auto","background-attachment":"scroll","background-type":"","background-media":"","overlay-type":"","overlay-color":"","overlay-opacity":"","overlay-gradient":""}},"footnotes":""},"class_list":["post-1104","page","type-page","status-publish","hentry"],"aioseo_notices":[],"_links":{"self":[{"href":"https:\/\/magyarkonyvelohaz.nl\/en\/wp-json\/wp\/v2\/pages\/1104","targetHints":{"allow":["GET"]}}],"collection":[{"href":"https:\/\/magyarkonyvelohaz.nl\/en\/wp-json\/wp\/v2\/pages"}],"about":[{"href":"https:\/\/magyarkonyvelohaz.nl\/en\/wp-json\/wp\/v2\/types\/page"}],"author":[{"embeddable":true,"href":"https:\/\/magyarkonyvelohaz.nl\/en\/wp-json\/wp\/v2\/users\/1"}],"replies":[{"embeddable":true,"href":"https:\/\/magyarkonyvelohaz.nl\/en\/wp-json\/wp\/v2\/comments?post=1104"}],"version-history":[{"count":1,"href":"https:\/\/magyarkonyvelohaz.nl\/en\/wp-json\/wp\/v2\/pages\/1104\/revisions"}],"predecessor-version":[{"id":1105,"href":"https:\/\/magyarkonyvelohaz.nl\/en\/wp-json\/wp\/v2\/pages\/1104\/revisions\/1105"}],"wp:attachment":[{"href":"https:\/\/magyarkonyvelohaz.nl\/en\/wp-json\/wp\/v2\/media?parent=1104"}],"curies":[{"name":"wp","href":"https:\/\/api.w.org\/{rel}","templated":true}]}}